{"id":766,"date":"2022-01-10T10:16:00","date_gmt":"2022-01-10T09:16:00","guid":{"rendered":"http:\/\/clustergabes.creativetunisia.tn\/?page_id=766"},"modified":"2022-01-10T10:29:24","modified_gmt":"2022-01-10T09:29:24","slug":"hamsa","status":"publish","type":"page","link":"https:\/\/clustergabes.creativetunisia.tn\/index.php\/hamsa\/","title":{"rendered":"Hamsa"},"content":{"rendered":"\t\t<div data-elementor-type=\"wp-page\" data-elementor-id=\"766\" class=\"elementor elementor-766\" data-elementor-settings=\"[]\">\n\t\t\t\t\t\t<div class=\"elementor-inner\">\n\t\t\t\t\t\t\t<div class=\"elementor-section-wrap\">\n\t\t\t\t\t\t\t<section class=\"elementor-section elementor-top-section elementor-element elementor-element-531d8559 elementor-section-content-middle elementor-section-boxed elementor-section-height-default elementor-section-height-default\" data-id=\"531d8559\" data-element_type=\"section\">\n\t\t\t\t\t\t<div class=\"elementor-container elementor-column-gap-default\">\n\t\t\t\t\t\t\t<div class=\"elementor-row\">\n\t\t\t\t\t<div class=\"aux-parallax-section elementor-column elementor-col-50 elementor-top-column elementor-element elementor-element-44db87d2\" data-id=\"44db87d2\" data-element_type=\"column\">\n\t\t\t<div class=\"elementor-column-wrap elementor-element-populated\">\n\t\t\t\t\t\t\t<div class=\"elementor-widget-wrap\">\n\t\t\t\t\t\t<div class=\"elementor-element elementor-element-ef6fc68 aux-appear-watch-animation aux-fade-in elementor-widget elementor-widget-aux_image\" data-id=\"ef6fc68\" data-element_type=\"widget\" data-widget_type=\"aux_image.default\">\n\t\t\t\t<div class=\"elementor-widget-container\">\n\t\t\t<section class=\"widget-container aux-widget-image aux-alignnone aux-parent-aubbe4d78d\" style=\"\" >\n    <div class=\"aux-media-hint-frame \">\n        <div class=\"aux-media-image  aux-tilt-box\" >\n        \n            \n\n            \n            <img loading=\"lazy\" width=\"382\" height=\"433\" src=\"https:\/\/clustergabes.creativetunisia.tn\/wp-content\/uploads\/2022\/01\/HAMSA.jpg\" class=\"aux-attachment aux-featured-image aux-attachment-id-676\" alt=\"HAMSA\" srcset=\"https:\/\/clustergabes.creativetunisia.tn\/wp-content\/uploads\/2022\/01\/HAMSA-150x232.jpg 150w,https:\/\/clustergabes.creativetunisia.tn\/wp-content\/uploads\/2022\/01\/HAMSA-300x464.jpg 300w,https:\/\/clustergabes.creativetunisia.tn\/wp-content\/uploads\/2022\/01\/HAMSA.jpg 382w\" data-ratio=\"0.65\" data-original-w=\"382\" sizes=\"(max-width:479px) 480px,(max-width:767px) 768px,(max-width:1023px) 1024px,382px\" \/>            \n                <\/div>\n    <\/div>\n\n<\/section><!-- widget-container -->\t\t<\/div>\n\t\t\t\t<\/div>\n\t\t\t\t<div class=\"elementor-element elementor-element-52727990 aux-appear-watch-animation aux-fade-in elementor-widget elementor-widget-aux_modern_heading\" data-id=\"52727990\" data-element_type=\"widget\" data-widget_type=\"aux_modern_heading.default\">\n\t\t\t\t<div class=\"elementor-widget-container\">\n\t\t\t<section class=\"aux-widget-modern-heading\">\n            <div class=\"aux-widget-inner\"><h2 class=\"aux-modern-heading-primary\">Hania Chaibi<\/h2><\/div>\n        <\/section>\t\t<\/div>\n\t\t\t\t<\/div>\n\t\t\t\t\t\t<\/div>\n\t\t\t\t\t<\/div>\n\t\t<\/div>\n\t\t\t\t<div class=\"aux-parallax-section elementor-column elementor-col-50 elementor-top-column elementor-element elementor-element-2ee545d\" data-id=\"2ee545d\" data-element_type=\"column\">\n\t\t\t<div class=\"elementor-column-wrap elementor-element-populated\">\n\t\t\t\t\t\t\t<div class=\"elementor-widget-wrap\">\n\t\t\t\t\t\t<div class=\"elementor-element elementor-element-5866095c aux-appear-watch-animation aux-fade-in elementor-widget elementor-widget-aux_modern_heading\" data-id=\"5866095c\" data-element_type=\"widget\" data-widget_type=\"aux_modern_heading.default\">\n\t\t\t\t<div class=\"elementor-widget-container\">\n\t\t\t<section class=\"aux-widget-modern-heading\">\n            <div class=\"aux-widget-inner\"><h2 class=\"aux-modern-heading-primary\">Hamsa<\/h2><h3 class=\"aux-modern-heading-secondary\"><span class=\"aux-head-before\">Fibres v\u00e9g\u00e9tales<\/span><\/h3><\/div>\n        <\/section>\t\t<\/div>\n\t\t\t\t<\/div>\n\t\t\t\t<div class=\"elementor-element elementor-element-36274669 elementor-icon-list--layout-inline elementor-align-left aux-appear-watch-animation aux-fade-in elementor-list-item-link-full_width elementor-widget elementor-widget-icon-list\" data-id=\"36274669\" data-element_type=\"widget\" data-widget_type=\"icon-list.default\">\n\t\t\t\t<div class=\"elementor-widget-container\">\n\t\t\t\t\t<ul class=\"elementor-icon-list-items elementor-inline-items\">\n\t\t\t\t\t\t\t<li class=\"elementor-icon-list-item elementor-inline-item\">\n\t\t\t\t\t\t\t\t\t\t\t<span class=\"elementor-icon-list-icon\">\n\t\t\t\t\t\t\t<i aria-hidden=\"true\" class=\"auxicon auxicon-iphone\"><\/i>\t\t\t\t\t\t<\/span>\n\t\t\t\t\t\t\t\t\t\t<span class=\"elementor-icon-list-text\">+216 53 886 635 | +216 93 111 106<\/span>\n\t\t\t\t\t\t\t\t\t<\/li>\n\t\t\t\t\t\t<\/ul>\n\t\t\t\t<\/div>\n\t\t\t\t<\/div>\n\t\t\t\t<div class=\"elementor-element elementor-element-3908332 elementor-icon-list--layout-inline elementor-align-left aux-appear-watch-animation aux-fade-in elementor-list-item-link-full_width elementor-widget elementor-widget-icon-list\" data-id=\"3908332\" data-element_type=\"widget\" data-widget_type=\"icon-list.default\">\n\t\t\t\t<div class=\"elementor-widget-container\">\n\t\t\t\t\t<ul class=\"elementor-icon-list-items elementor-inline-items\">\n\t\t\t\t\t\t\t<li class=\"elementor-icon-list-item elementor-inline-item\">\n\t\t\t\t\t\t\t\t\t\t\t<span class=\"elementor-icon-list-icon\">\n\t\t\t\t\t\t\t<i aria-hidden=\"true\" class=\"fas fa-map-marker-alt\"><\/i>\t\t\t\t\t\t<\/span>\n\t\t\t\t\t\t\t\t\t\t<span class=\"elementor-icon-list-text\">Hamma Gab\u00e8s<\/span>\n\t\t\t\t\t\t\t\t\t<\/li>\n\t\t\t\t\t\t<\/ul>\n\t\t\t\t<\/div>\n\t\t\t\t<\/div>\n\t\t\t\t<div class=\"elementor-element elementor-element-26d3385 elementor-icon-list--layout-inline elementor-align-left aux-appear-watch-animation aux-fade-in elementor-list-item-link-full_width elementor-widget elementor-widget-icon-list\" data-id=\"26d3385\" data-element_type=\"widget\" data-widget_type=\"icon-list.default\">\n\t\t\t\t<div class=\"elementor-widget-container\">\n\t\t\t\t\t<ul class=\"elementor-icon-list-items elementor-inline-items\">\n\t\t\t\t\t\t\t<li class=\"elementor-icon-list-item elementor-inline-item\">\n\t\t\t\t\t\t\t\t\t\t\t<span class=\"elementor-icon-list-icon\">\n\t\t\t\t\t\t\t<i aria-hidden=\"true\" class=\"fas fa-envelope\"><\/i>\t\t\t\t\t\t<\/span>\n\t\t\t\t\t\t\t\t\t\t<span class=\"elementor-icon-list-text\">hamsadesigne@gmail.com<\/span>\n\t\t\t\t\t\t\t\t\t<\/li>\n\t\t\t\t\t\t<\/ul>\n\t\t\t\t<\/div>\n\t\t\t\t<\/div>\n\t\t\t\t<div class=\"elementor-element elementor-element-68b13159 aux-appear-watch-animation aux-fade-in elementor-widget elementor-widget-aux_modern_heading\" data-id=\"68b13159\" data-element_type=\"widget\" data-widget_type=\"aux_modern_heading.default\">\n\t\t\t\t<div class=\"elementor-widget-container\">\n\t\t\t<section class=\"aux-widget-modern-heading\">\n            <div class=\"aux-widget-inner\"><h2 class=\"aux-modern-heading-primary\">A propos<\/h2><div class=\"aux-modern-heading-description\"><p>Hamsa est une marque d\u2019accessoires, cr\u00e9\u00e9e en 2013 par l\u2019artisane Hnia Chaibi \u00e0 Gab\u00e8s, Tunisie.<br \/>Chaque accessoire est soigneusement con\u00e7u et fabriqu\u00e9 avec le plus grand soin. Les sacs et les<br \/>chapeaux sont enti\u00e8rement fabriqu\u00e9s \u00e0 la main en fibres de feuilles palmiers (Raphia) et en cuir.<br \/>Vous pouvez commander et personnaliser votre sac en y inscrivant les mots de votre choix.<br \/>Hamsa est le produit d\u2019un r\u00eave d\u2019enfance et d\u2019un long parcours de formation qui a abouti \u00e0 une<br \/>approche \u00e9cologique et \u00e9l\u00e9gante de la mode.<br \/>Chaque accessoire est empreint de l\u2019\u00e2me et des \u00e9motions de l\u2019artisane, chaque sac raconte une<br \/>histoire unique.<\/p><\/div><\/div>\n        <\/section>\t\t<\/div>\n\t\t\t\t<\/div>\n\t\t\t\t\t\t<\/div>\n\t\t\t\t\t<\/div>\n\t\t<\/div>\n\t\t\t\t\t\t\t\t<\/div>\n\t\t\t\t\t<\/div>\n\t\t<\/section>\n\t\t\t\t<section class=\"elementor-section elementor-top-section elementor-element elementor-element-5288df3e elementor-section-boxed elementor-section-height-default elementor-section-height-default\" data-id=\"5288df3e\" data-element_type=\"section\">\n\t\t\t\t\t\t<div class=\"elementor-container elementor-column-gap-default\">\n\t\t\t\t\t\t\t<div class=\"elementor-row\">\n\t\t\t\t\t<div class=\"aux-parallax-section elementor-column elementor-col-100 elementor-top-column elementor-element elementor-element-3d04fa77\" data-id=\"3d04fa77\" data-element_type=\"column\">\n\t\t\t<div class=\"elementor-column-wrap elementor-element-populated\">\n\t\t\t\t\t\t\t<div class=\"elementor-widget-wrap\">\n\t\t\t\t\t\t<div class=\"elementor-element elementor-element-57d7d2bd elementor-widget elementor-widget-aux_image\" data-id=\"57d7d2bd\" data-element_type=\"widget\" data-widget_type=\"aux_image.default\">\n\t\t\t\t<div class=\"elementor-widget-container\">\n\t\t\t<section class=\"widget-container aux-widget-image aux-alignnone aux-parent-au3dfd36b0\" style=\"\" >\n    <div class=\"aux-media-hint-frame \">\n        <div class=\"aux-media-image \" >\n        \n            \n\n            \n            <img loading=\"lazy\" width=\"1296\" height=\"912\" src=\"https:\/\/clustergabes.creativetunisia.tn\/wp-content\/uploads\/2022\/01\/Catalogue-Hamsa.jpg\" class=\"aux-attachment aux-featured-image aux-attachment-id-769\" alt=\"Catalogue-Hamsa\" data-ratio=\"1.42\" data-original-w=\"1296\" \/>            \n                <\/div>\n    <\/div>\n\n<\/section><!-- widget-container -->\t\t<\/div>\n\t\t\t\t<\/div>\n\t\t\t\t<div class=\"elementor-element elementor-element-2fae5e92 elementor-widget elementor-widget-aux_modern_heading\" data-id=\"2fae5e92\" data-element_type=\"widget\" data-widget_type=\"aux_modern_heading.default\">\n\t\t\t\t<div class=\"elementor-widget-container\">\n\t\t\t<section class=\"aux-widget-modern-heading\">\n            <div class=\"aux-widget-inner\"><h3 class=\"aux-modern-heading-primary\">Catalogue Hamsa<\/h3><\/div>\n        <\/section>\t\t<\/div>\n\t\t\t\t<\/div>\n\t\t\t\t<div class=\"elementor-element elementor-element-10d1c938 aux-appear-watch-animation aux-fade-in-up-1 elementor-widget elementor-widget-aux_button\" data-id=\"10d1c938\" data-element_type=\"widget\" data-widget_type=\"aux_button.default\">\n\t\t\t\t<div class=\"elementor-widget-container\">\n\t\t\t<a  href=\"http:\/\/clustergabes.creativetunisia.tn\/wp-content\/uploads\/2022\/01\/Catalogue-Hamsa.pdf\" target=\"_blank\"   class=\"aux-button aux-medium aux-pastel-orange aux-curve aux-none aux-uppercase\" ><span class=\"aux-overlay\"><\/span><span class=\"aux-text\">T\u00e9l\u00e9charger le catalogue<\/span><\/a>\t\t<\/div>\n\t\t\t\t<\/div>\n\t\t\t\t\t\t<\/div>\n\t\t\t\t\t<\/div>\n\t\t<\/div>\n\t\t\t\t\t\t\t\t<\/div>\n\t\t\t\t\t<\/div>\n\t\t<\/section>\n\t\t\t\t\t\t<\/div>\n\t\t\t\t\t\t<\/div>\n\t\t\t\t\t<\/div>\n\t\t","protected":false},"excerpt":{"rendered":"<p>Hania Chaibi Hamsa Fibres v\u00e9g\u00e9tales +216 53 886 635 | +216 93 111 106 Hamma Gab\u00e8s hamsadesigne@gmail.com A propos Hamsa est une marque d\u2019accessoires, cr\u00e9\u00e9e en 2013 par l\u2019artisane Hnia Chaibi \u00e0 Gab\u00e8s, Tunisie.Chaque accessoire est soigneusement con\u00e7u et fabriqu\u00e9 avec le plus grand soin. Les sacs et leschapeaux sont enti\u00e8rement fabriqu\u00e9s \u00e0 la main [&hellip;]<\/p>\n","protected":false},"author":1,"featured_media":0,"parent":0,"menu_order":0,"comment_status":"closed","ping_status":"closed","template":"","meta":[],"_links":{"self":[{"href":"https:\/\/clustergabes.creativetunisia.tn\/index.php\/wp-json\/wp\/v2\/pages\/766"}],"collection":[{"href":"https:\/\/clustergabes.creativetunisia.tn\/index.php\/wp-json\/wp\/v2\/pages"}],"about":[{"href":"https:\/\/clustergabes.creativetunisia.tn\/index.php\/wp-json\/wp\/v2\/types\/page"}],"author":[{"embeddable":true,"href":"https:\/\/clustergabes.creativetunisia.tn\/index.php\/wp-json\/wp\/v2\/users\/1"}],"replies":[{"embeddable":true,"href":"https:\/\/clustergabes.creativetunisia.tn\/index.php\/wp-json\/wp\/v2\/comments?post=766"}],"version-history":[{"count":7,"href":"https:\/\/clustergabes.creativetunisia.tn\/index.php\/wp-json\/wp\/v2\/pages\/766\/revisions"}],"predecessor-version":[{"id":776,"href":"https:\/\/clustergabes.creativetunisia.tn\/index.php\/wp-json\/wp\/v2\/pages\/766\/revisions\/776"}],"wp:attachment":[{"href":"https:\/\/clustergabes.creativetunisia.tn\/index.php\/wp-json\/wp\/v2\/media?parent=766"}],"curies":[{"name":"wp","href":"https:\/\/api.w.org\/{rel}","templated":true}]}}