{"id":692,"date":"2022-01-07T10:29:45","date_gmt":"2022-01-07T09:29:45","guid":{"rendered":"http:\/\/clustergabes.creativetunisia.tn\/?page_id=692"},"modified":"2022-03-02T09:18:09","modified_gmt":"2022-03-02T08:18:09","slug":"nos-entreprises","status":"publish","type":"page","link":"https:\/\/clustergabes.creativetunisia.tn\/index.php\/nos-entreprises\/","title":{"rendered":"Nos entreprises"},"content":{"rendered":"\t\t<div data-elementor-type=\"wp-page\" data-elementor-id=\"692\" class=\"elementor elementor-692\" data-elementor-settings=\"[]\">\n\t\t\t\t\t\t<div class=\"elementor-inner\">\n\t\t\t\t\t\t\t<div class=\"elementor-section-wrap\">\n\t\t\t\t\t\t\t<section class=\"elementor-section elementor-top-section elementor-element elementor-element-664c9d21 elementor-section-boxed elementor-section-height-default elementor-section-height-default\" data-id=\"664c9d21\" data-element_type=\"section\">\n\t\t\t\t\t\t<div class=\"elementor-container elementor-column-gap-default\">\n\t\t\t\t\t\t\t<div class=\"elementor-row\">\n\t\t\t\t\t<div class=\"aux-parallax-section elementor-column elementor-col-100 elementor-top-column elementor-element elementor-element-694803ad\" data-id=\"694803ad\" data-element_type=\"column\">\n\t\t\t<div class=\"elementor-column-wrap elementor-element-populated\">\n\t\t\t\t\t\t\t<div class=\"elementor-widget-wrap\">\n\t\t\t\t\t\t<div class=\"elementor-element elementor-element-7f3bd583 aux-appear-watch-animation aux-fade-in-up-1 elementor-widget elementor-widget-aux_modern_heading\" data-id=\"7f3bd583\" data-element_type=\"widget\" data-widget_type=\"aux_modern_heading.default\">\n\t\t\t\t<div class=\"elementor-widget-container\">\n\t\t\t<section class=\"aux-widget-modern-heading\">\n            <div class=\"aux-widget-inner\"><h2 class=\"aux-modern-heading-primary\"><\/h2><h3 class=\"aux-modern-heading-secondary\"><span class=\"aux-head-before\">NOS ENTREPRISES<\/span><\/h3><\/div>\n        <\/section>\t\t<\/div>\n\t\t\t\t<\/div>\n\t\t\t\t\t\t<\/div>\n\t\t\t\t\t<\/div>\n\t\t<\/div>\n\t\t\t\t\t\t\t\t<\/div>\n\t\t\t\t\t<\/div>\n\t\t<\/section>\n\t\t\t\t<section class=\"elementor-section elementor-top-section elementor-element elementor-element-6f8f36bb elementor-section-boxed elementor-section-height-default elementor-section-height-default\" data-id=\"6f8f36bb\" data-element_type=\"section\">\n\t\t\t\t\t\t<div class=\"elementor-container elementor-column-gap-default\">\n\t\t\t\t\t\t\t<div class=\"elementor-row\">\n\t\t\t\t\t<div class=\"aux-parallax-section elementor-column elementor-col-100 elementor-top-column elementor-element elementor-element-8efdf3c\" data-id=\"8efdf3c\" data-element_type=\"column\">\n\t\t\t<div class=\"elementor-column-wrap elementor-element-populated\">\n\t\t\t\t\t\t\t<div class=\"elementor-widget-wrap\">\n\t\t\t\t\t\t<section class=\"elementor-section elementor-inner-section elementor-element elementor-element-ee0b089 elementor-section-boxed elementor-section-height-default elementor-section-height-default\" data-id=\"ee0b089\" data-element_type=\"section\">\n\t\t\t\t\t\t<div class=\"elementor-container elementor-column-gap-default\">\n\t\t\t\t\t\t\t<div class=\"elementor-row\">\n\t\t\t\t\t<div class=\"aux-parallax-section elementor-column elementor-col-50 elementor-inner-column elementor-element elementor-element-2996bc3d\" data-id=\"2996bc3d\" data-element_type=\"column\">\n\t\t\t<div class=\"elementor-column-wrap elementor-element-populated\">\n\t\t\t\t\t\t\t<div class=\"elementor-widget-wrap\">\n\t\t\t\t\t\t<div class=\"elementor-element elementor-element-728b0966 aux-appear-watch-animation aux-fade-in-right-1 elementor-widget elementor-widget-aux_staff\" data-id=\"728b0966\" data-element_type=\"widget\" data-widget_type=\"aux_staff.default\">\n\t\t\t\t<div class=\"elementor-widget-container\">\n\t\t\t<section class=\"aux-wrap-style-simple widget-container aux-widget-staff aux-parent-aue30fc785\" style=\"\" >    <div class=\"aux-staff-container aux-staff-pos-left aux-staff-text-center aux-staff-text-dark \" >\n            <div class=\"aux-staff-header aux-staff-img-rect\">\n            <div class=\"aux-media-image\"><img loading=\"lazy\" width=\"260\" height=\"296\" src=\"data:image\/gif;base64,R0lGODlhAQABAIAAAAAAAP\/\/\/yH5BAEAAAAALAAAAAABAAEAAAIBRAA7\" class=\" aux-preload aux-blank\" alt=\"Arecaceae\" data-ratio=\"0.88\" data-original-w=\"382\" sizes=\"auto\" data-srcset=\"https:\/\/clustergabes.creativetunisia.tn\/wp-content\/uploads\/2022\/01\/Arecaceae-150x171.jpg 150w,https:\/\/clustergabes.creativetunisia.tn\/wp-content\/uploads\/2022\/01\/Arecaceae-300x342.jpg 300w,https:\/\/clustergabes.creativetunisia.tn\/wp-content\/uploads\/2022\/01\/Arecaceae.jpg 260w\" data-src=\"https:\/\/clustergabes.creativetunisia.tn\/wp-content\/uploads\/2022\/01\/Arecaceae.jpg\" \/><\/div>        <\/div>\n            <div class=\"aux-staff-content\">\n                        <h4 class=\"col-title\"><a href=\"http:\/\/clustergabes.creativetunisia.tn\/index.php\/atelier-arecaceae\/\">\n            Atelier Arecaceae<\/a>\n            <\/h4>\n                        <h5 class=\"col-subtitle\">Fibres V\u00e9g\u00e9tales<\/h5>\n                        <div class=\"entry-content\">\n                                L\u2019atelier Arecaceae a \u00e9t\u00e9 fond\u00e9 par Sana Sbayti en 2017 \u00e0 Gab\u00e8s. Sana utilise des fibres de ...            <\/div>\n                    <\/div>\n\n    <\/div>\n\n\n<\/section><!-- widget-container -->\t\t<\/div>\n\t\t\t\t<\/div>\n\t\t\t\t<div class=\"elementor-element elementor-element-513562ec aux-appear-watch-animation aux-fade-in-right-1 elementor-widget elementor-widget-aux_staff\" data-id=\"513562ec\" data-element_type=\"widget\" data-widget_type=\"aux_staff.default\">\n\t\t\t\t<div class=\"elementor-widget-container\">\n\t\t\t<section class=\"aux-wrap-style-simple widget-container aux-widget-staff aux-parent-auda2a0e58\" style=\"\" >    <div class=\"aux-staff-container aux-staff-pos-left aux-staff-text-center aux-staff-text-dark \" >\n            <div class=\"aux-staff-header aux-staff-img-rect\">\n            <div class=\"aux-media-image\"><img loading=\"lazy\" width=\"260\" height=\"296\" src=\"data:image\/gif;base64,R0lGODlhAQABAIAAAAAAAP\/\/\/yH5BAEAAAAALAAAAAABAAEAAAIBRAA7\" class=\" aux-preload aux-blank\" alt=\"Kraiem\" data-ratio=\"0.88\" data-original-w=\"382\" sizes=\"auto\" data-srcset=\"https:\/\/clustergabes.creativetunisia.tn\/wp-content\/uploads\/2022\/01\/Kraiem-150x171.jpg 150w,https:\/\/clustergabes.creativetunisia.tn\/wp-content\/uploads\/2022\/01\/Kraiem-300x342.jpg 300w,https:\/\/clustergabes.creativetunisia.tn\/wp-content\/uploads\/2022\/01\/Kraiem.jpg 260w\" data-src=\"https:\/\/clustergabes.creativetunisia.tn\/wp-content\/uploads\/2022\/01\/Kraiem.jpg\" \/><\/div>        <\/div>\n            <div class=\"aux-staff-content\">\n                        <h4 class=\"col-title\"><a href=\"http:\/\/clustergabes.creativetunisia.tn\/index.php\/mbarka-kraiem\/\">\n            Mbarka Kraiem<\/a>\n            <\/h4>\n                        <h5 class=\"col-subtitle\">Fibres V\u00e9g\u00e9tales<\/h5>\n                        <div class=\"entry-content\">\n                                L\u2019atelier de Mbarka Kraiem est une entreprise artisanale familiale cr\u00e9\u00e9e en 1960. Le savoir-faire accumul\u00e9 depuis ...            <\/div>\n                    <\/div>\n\n    <\/div>\n\n\n<\/section><!-- widget-container -->\t\t<\/div>\n\t\t\t\t<\/div>\n\t\t\t\t\t\t<\/div>\n\t\t\t\t\t<\/div>\n\t\t<\/div>\n\t\t\t\t<div class=\"aux-parallax-section elementor-column elementor-col-50 elementor-inner-column elementor-element elementor-element-13f550b5\" data-id=\"13f550b5\" data-element_type=\"column\">\n\t\t\t<div class=\"elementor-column-wrap elementor-element-populated\">\n\t\t\t\t\t\t\t<div class=\"elementor-widget-wrap\">\n\t\t\t\t\t\t<div class=\"elementor-element elementor-element-7b63de9d aux-appear-watch-animation aux-fade-in-right-1 elementor-widget elementor-widget-aux_staff\" data-id=\"7b63de9d\" data-element_type=\"widget\" data-widget_type=\"aux_staff.default\">\n\t\t\t\t<div class=\"elementor-widget-container\">\n\t\t\t<section class=\"aux-wrap-style-simple widget-container aux-widget-staff aux-parent-au8291cf35\" style=\"\" >    <div class=\"aux-staff-container aux-staff-pos-left aux-staff-text-center aux-staff-text-dark \" >\n            <div class=\"aux-staff-header aux-staff-img-rect\">\n            <div class=\"aux-media-image\"><img loading=\"lazy\" width=\"260\" height=\"296\" src=\"data:image\/gif;base64,R0lGODlhAQABAIAAAAAAAP\/\/\/yH5BAEAAAAALAAAAAABAAEAAAIBRAA7\" class=\" aux-preload aux-blank\" alt=\"HAMSA\" data-ratio=\"0.88\" data-original-w=\"382\" sizes=\"auto\" data-srcset=\"https:\/\/clustergabes.creativetunisia.tn\/wp-content\/uploads\/2022\/01\/HAMSA-150x171.jpg 150w,https:\/\/clustergabes.creativetunisia.tn\/wp-content\/uploads\/2022\/01\/HAMSA-300x342.jpg 300w,https:\/\/clustergabes.creativetunisia.tn\/wp-content\/uploads\/2022\/01\/HAMSA.jpg 260w\" data-src=\"https:\/\/clustergabes.creativetunisia.tn\/wp-content\/uploads\/2022\/01\/HAMSA.jpg\" \/><\/div>        <\/div>\n            <div class=\"aux-staff-content\">\n                        <h4 class=\"col-title\"><a href=\"http:\/\/clustergabes.creativetunisia.tn\/index.php\/hamsa\/\">\n            Hamsa<\/a>\n            <\/h4>\n                        <h5 class=\"col-subtitle\">Fibres V\u00e9g\u00e9tales<\/h5>\n                        <div class=\"entry-content\">\n                                Hamsa est une marque d\u2019accessoires, cr\u00e9\u00e9e en 2013 par l\u2019artisane Hnia Chaibi \u00e0 Gab\u00e8s, Tunisie. Chaque accessoire ...            <\/div>\n                    <\/div>\n\n    <\/div>\n\n\n<\/section><!-- widget-container -->\t\t<\/div>\n\t\t\t\t<\/div>\n\t\t\t\t<div class=\"elementor-element elementor-element-242ea885 aux-appear-watch-animation aux-fade-in-right-1 elementor-widget elementor-widget-aux_staff\" data-id=\"242ea885\" data-element_type=\"widget\" data-widget_type=\"aux_staff.default\">\n\t\t\t\t<div class=\"elementor-widget-container\">\n\t\t\t<section class=\"aux-wrap-style-simple widget-container aux-widget-staff aux-parent-auf7c9647b\" style=\"\" >    <div class=\"aux-staff-container aux-staff-pos-left aux-staff-text-center aux-staff-text-dark \" >\n            <div class=\"aux-staff-header aux-staff-img-rect\">\n            <div class=\"aux-media-image\"><img loading=\"lazy\" width=\"260\" height=\"296\" src=\"data:image\/gif;base64,R0lGODlhAQABAIAAAAAAAP\/\/\/yH5BAEAAAAALAAAAAABAAEAAAIBRAA7\" class=\" aux-preload aux-blank\" alt=\"MHN\" data-ratio=\"0.88\" data-original-w=\"382\" sizes=\"auto\" data-srcset=\"https:\/\/clustergabes.creativetunisia.tn\/wp-content\/uploads\/2022\/01\/MHN-150x171.jpg 150w,https:\/\/clustergabes.creativetunisia.tn\/wp-content\/uploads\/2022\/01\/MHN-300x342.jpg 300w,https:\/\/clustergabes.creativetunisia.tn\/wp-content\/uploads\/2022\/01\/MHN.jpg 260w\" data-src=\"https:\/\/clustergabes.creativetunisia.tn\/wp-content\/uploads\/2022\/01\/MHN.jpg\" \/><\/div>        <\/div>\n            <div class=\"aux-staff-content\">\n                        <h4 class=\"col-title\"><a href=\"http:\/\/clustergabes.creativetunisia.tn\/index.php\/mhn\/\">\n            MHN<\/a>\n            <\/h4>\n                        <h5 class=\"col-subtitle\">Fibres V\u00e9g\u00e9tales<\/h5>\n                        <div class=\"entry-content\">\n                                L\u2019atelier MHN, cr\u00e9\u00e9 par Hatem Najeh en 2018, \u0153uvre pour l\u2019inclusion et l\u2019am\u00e9lioration des revenus des femmes ...            <\/div>\n                    <\/div>\n\n    <\/div>\n\n\n<\/section><!-- widget-container -->\t\t<\/div>\n\t\t\t\t<\/div>\n\t\t\t\t\t\t<\/div>\n\t\t\t\t\t<\/div>\n\t\t<\/div>\n\t\t\t\t\t\t\t\t<\/div>\n\t\t\t\t\t<\/div>\n\t\t<\/section>\n\t\t\t\t<section class=\"elementor-section elementor-inner-section elementor-element elementor-element-c92ca9f elementor-section-boxed elementor-section-height-default elementor-section-height-default\" data-id=\"c92ca9f\" data-element_type=\"section\">\n\t\t\t\t\t\t<div class=\"elementor-container elementor-column-gap-default\">\n\t\t\t\t\t\t\t<div class=\"elementor-row\">\n\t\t\t\t\t<div class=\"aux-parallax-section elementor-column elementor-col-50 elementor-inner-column elementor-element elementor-element-e782588\" data-id=\"e782588\" data-element_type=\"column\">\n\t\t\t<div class=\"elementor-column-wrap elementor-element-populated\">\n\t\t\t\t\t\t\t<div class=\"elementor-widget-wrap\">\n\t\t\t\t\t\t<div class=\"elementor-element elementor-element-8f48374 aux-appear-watch-animation aux-fade-in-right-1 elementor-widget elementor-widget-aux_staff\" data-id=\"8f48374\" data-element_type=\"widget\" data-widget_type=\"aux_staff.default\">\n\t\t\t\t<div class=\"elementor-widget-container\">\n\t\t\t<section class=\"aux-wrap-style-simple widget-container aux-widget-staff aux-parent-au4bf59a6c\" style=\"\" >    <div class=\"aux-staff-container aux-staff-pos-left aux-staff-text-center aux-staff-text-dark \" >\n            <div class=\"aux-staff-header aux-staff-img-rect\">\n            <div class=\"aux-media-image\"><img loading=\"lazy\" width=\"260\" height=\"296\" src=\"data:image\/gif;base64,R0lGODlhAQABAIAAAAAAAP\/\/\/yH5BAEAAAAALAAAAAABAAEAAAIBRAA7\" class=\" aux-preload aux-blank\" alt=\"Nakhwa-(1)\" data-ratio=\"0.88\" data-original-w=\"382\" sizes=\"auto\" data-srcset=\"https:\/\/clustergabes.creativetunisia.tn\/wp-content\/uploads\/2022\/03\/Nakhwa-1-150x171.jpg 150w,https:\/\/clustergabes.creativetunisia.tn\/wp-content\/uploads\/2022\/03\/Nakhwa-1-300x342.jpg 300w,https:\/\/clustergabes.creativetunisia.tn\/wp-content\/uploads\/2022\/03\/Nakhwa-1.jpg 260w\" data-src=\"https:\/\/clustergabes.creativetunisia.tn\/wp-content\/uploads\/2022\/03\/Nakhwa-1.jpg\" \/><\/div>        <\/div>\n            <div class=\"aux-staff-content\">\n                        <h4 class=\"col-title\"><a href=\"http:\/\/clustergabes.creativetunisia.tn\/index.php\/association-nakhwa\/\">\n            Association Nakhwa<\/a>\n            <\/h4>\n                        <h5 class=\"col-subtitle\">Fibres V\u00e9g\u00e9tales<\/h5>\n                        <div class=\"entry-content\">\n                                L\u2019association Nakhwa pour la femme et la famille a \u00e9t\u00e9 cr\u00e9\u00e9e en 2012 avec pour objectif la ...            <\/div>\n                    <\/div>\n\n    <\/div>\n\n\n<\/section><!-- widget-container -->\t\t<\/div>\n\t\t\t\t<\/div>\n\t\t\t\t<div class=\"elementor-element elementor-element-105b92f aux-appear-watch-animation aux-fade-in-right-1 elementor-widget elementor-widget-aux_staff\" data-id=\"105b92f\" data-element_type=\"widget\" data-widget_type=\"aux_staff.default\">\n\t\t\t\t<div class=\"elementor-widget-container\">\n\t\t\t<section class=\"aux-wrap-style-simple widget-container aux-widget-staff aux-parent-au5122bc5b\" style=\"\" >    <div class=\"aux-staff-container aux-staff-pos-left aux-staff-text-center aux-staff-text-dark \" >\n            <div class=\"aux-staff-header aux-staff-img-rect\">\n            <div class=\"aux-media-image\"><img loading=\"lazy\" width=\"260\" height=\"296\" src=\"data:image\/gif;base64,R0lGODlhAQABAIAAAAAAAP\/\/\/yH5BAEAAAAALAAAAAABAAEAAAIBRAA7\" class=\" aux-preload aux-blank\" alt=\"tradimoderne\" data-ratio=\"0.88\" data-original-w=\"382\" sizes=\"auto\" data-srcset=\"https:\/\/clustergabes.creativetunisia.tn\/wp-content\/uploads\/2022\/01\/tradimoderne-150x171.jpg 150w,https:\/\/clustergabes.creativetunisia.tn\/wp-content\/uploads\/2022\/01\/tradimoderne-300x342.jpg 300w,https:\/\/clustergabes.creativetunisia.tn\/wp-content\/uploads\/2022\/01\/tradimoderne.jpg 260w\" data-src=\"https:\/\/clustergabes.creativetunisia.tn\/wp-content\/uploads\/2022\/01\/tradimoderne.jpg\" \/><\/div>        <\/div>\n            <div class=\"aux-staff-content\">\n                        <h4 class=\"col-title\"><a href=\"http:\/\/clustergabes.creativetunisia.tn\/index.php\/tradi-modern\/\">\n            Tradi Modern<\/a>\n            <\/h4>\n                        <h5 class=\"col-subtitle\">Fibres V\u00e9g\u00e9tales<\/h5>\n                        <div class=\"entry-content\">\n                                Tradi Moderne, sp\u00e9cialis\u00e9e dans la fabrication d\u2019accessoires en fibres de palmiers et cuir, a \u00e9t\u00e9 cr\u00e9\u00e9e ...            <\/div>\n                    <\/div>\n\n    <\/div>\n\n\n<\/section><!-- widget-container -->\t\t<\/div>\n\t\t\t\t<\/div>\n\t\t\t\t\t\t<\/div>\n\t\t\t\t\t<\/div>\n\t\t<\/div>\n\t\t\t\t<div class=\"aux-parallax-section elementor-column elementor-col-50 elementor-inner-column elementor-element elementor-element-5e760f8\" data-id=\"5e760f8\" data-element_type=\"column\">\n\t\t\t<div class=\"elementor-column-wrap elementor-element-populated\">\n\t\t\t\t\t\t\t<div class=\"elementor-widget-wrap\">\n\t\t\t\t\t\t<div class=\"elementor-element elementor-element-ba5f0be aux-appear-watch-animation aux-fade-in-right-1 elementor-widget elementor-widget-aux_staff\" data-id=\"ba5f0be\" data-element_type=\"widget\" data-widget_type=\"aux_staff.default\">\n\t\t\t\t<div class=\"elementor-widget-container\">\n\t\t\t<section class=\"aux-wrap-style-simple widget-container aux-widget-staff aux-parent-au0f7c0549\" style=\"\" >    <div class=\"aux-staff-container aux-staff-pos-left aux-staff-text-center aux-staff-text-dark \" >\n            <div class=\"aux-staff-header aux-staff-img-rect\">\n            <div class=\"aux-media-image\"><img loading=\"lazy\" width=\"260\" height=\"296\" src=\"data:image\/gif;base64,R0lGODlhAQABAIAAAAAAAP\/\/\/yH5BAEAAAAALAAAAAABAAEAAAIBRAA7\" class=\" aux-preload aux-blank\" alt=\"Talmoudi\" data-ratio=\"0.88\" data-original-w=\"382\" sizes=\"auto\" data-srcset=\"https:\/\/clustergabes.creativetunisia.tn\/wp-content\/uploads\/2022\/01\/Talmoudi-150x171.jpg 150w,https:\/\/clustergabes.creativetunisia.tn\/wp-content\/uploads\/2022\/01\/Talmoudi-300x342.jpg 300w,https:\/\/clustergabes.creativetunisia.tn\/wp-content\/uploads\/2022\/01\/Talmoudi.jpg 260w\" data-src=\"https:\/\/clustergabes.creativetunisia.tn\/wp-content\/uploads\/2022\/01\/Talmoudi.jpg\" \/><\/div>        <\/div>\n            <div class=\"aux-staff-content\">\n                        <h4 class=\"col-title\"><a href=\"http:\/\/clustergabes.creativetunisia.tn\/index.php\/gmar\/\">\n            Gmar<\/a>\n            <\/h4>\n                        <h5 class=\"col-subtitle\">Fibres V\u00e9g\u00e9tales<\/h5>\n                        <div class=\"entry-content\">\n                                Gmar Store est une boutique en ligne sp\u00e9cialis\u00e9e dans la vente de produits artisanaux tunisiens en fibres ...            <\/div>\n                    <\/div>\n\n    <\/div>\n\n\n<\/section><!-- widget-container -->\t\t<\/div>\n\t\t\t\t<\/div>\n\t\t\t\t\t\t<\/div>\n\t\t\t\t\t<\/div>\n\t\t<\/div>\n\t\t\t\t\t\t\t\t<\/div>\n\t\t\t\t\t<\/div>\n\t\t<\/section>\n\t\t\t\t\t\t<\/div>\n\t\t\t\t\t<\/div>\n\t\t<\/div>\n\t\t\t\t\t\t\t\t<\/div>\n\t\t\t\t\t<\/div>\n\t\t<\/section>\n\t\t\t\t\t\t<\/div>\n\t\t\t\t\t\t<\/div>\n\t\t\t\t\t<\/div>\n\t\t","protected":false},"excerpt":{"rendered":"<p>NOS ENTREPRISES Atelier Arecaceae Fibres V\u00e9g\u00e9tales L\u2019atelier Arecaceae a \u00e9t\u00e9 fond\u00e9 par Sana Sbayti en 2017 \u00e0 Gab\u00e8s. Sana utilise des fibres de &#8230; Mbarka Kraiem Fibres V\u00e9g\u00e9tales L\u2019atelier de Mbarka Kraiem est une entreprise artisanale familiale cr\u00e9\u00e9e en 1960. Le savoir-faire accumul\u00e9 depuis &#8230; Hamsa Fibres V\u00e9g\u00e9tales Hamsa est une marque d\u2019accessoires, cr\u00e9\u00e9e en [&hellip;]<\/p>\n","protected":false},"author":1,"featured_media":0,"parent":0,"menu_order":0,"comment_status":"closed","ping_status":"closed","template":"","meta":[],"_links":{"self":[{"href":"https:\/\/clustergabes.creativetunisia.tn\/index.php\/wp-json\/wp\/v2\/pages\/692"}],"collection":[{"href":"https:\/\/clustergabes.creativetunisia.tn\/index.php\/wp-json\/wp\/v2\/pages"}],"about":[{"href":"https:\/\/clustergabes.creativetunisia.tn\/index.php\/wp-json\/wp\/v2\/types\/page"}],"author":[{"embeddable":true,"href":"https:\/\/clustergabes.creativetunisia.tn\/index.php\/wp-json\/wp\/v2\/users\/1"}],"replies":[{"embeddable":true,"href":"https:\/\/clustergabes.creativetunisia.tn\/index.php\/wp-json\/wp\/v2\/comments?post=692"}],"version-history":[{"count":25,"href":"https:\/\/clustergabes.creativetunisia.tn\/index.php\/wp-json\/wp\/v2\/pages\/692\/revisions"}],"predecessor-version":[{"id":953,"href":"https:\/\/clustergabes.creativetunisia.tn\/index.php\/wp-json\/wp\/v2\/pages\/692\/revisions\/953"}],"wp:attachment":[{"href":"https:\/\/clustergabes.creativetunisia.tn\/index.php\/wp-json\/wp\/v2\/media?parent=692"}],"curies":[{"name":"wp","href":"https:\/\/api.w.org\/{rel}","templated":true}]}}