{"id":360,"date":"2021-12-16T12:02:38","date_gmt":"2021-12-16T11:02:38","guid":{"rendered":"http:\/\/clustergabes.creativetunisia.tn\/?page_id=360"},"modified":"2022-02-25T09:22:26","modified_gmt":"2022-02-25T08:22:26","slug":"institutions-dappui","status":"publish","type":"page","link":"https:\/\/clustergabes.creativetunisia.tn\/index.php\/institutions-dappui\/","title":{"rendered":"Institutions d\u2019appui"},"content":{"rendered":"\t\t<div data-elementor-type=\"wp-page\" data-elementor-id=\"360\" class=\"elementor elementor-360\" data-elementor-settings=\"[]\">\n\t\t\t\t\t\t<div class=\"elementor-inner\">\n\t\t\t\t\t\t\t<div class=\"elementor-section-wrap\">\n\t\t\t\t\t\t\t<section class=\"elementor-section elementor-top-section elementor-element elementor-element-664c9d21 elementor-section-boxed elementor-section-height-default elementor-section-height-default\" data-id=\"664c9d21\" data-element_type=\"section\">\n\t\t\t\t\t\t<div class=\"elementor-container elementor-column-gap-default\">\n\t\t\t\t\t\t\t<div class=\"elementor-row\">\n\t\t\t\t\t<div class=\"aux-parallax-section elementor-column elementor-col-100 elementor-top-column elementor-element elementor-element-694803ad\" data-id=\"694803ad\" data-element_type=\"column\">\n\t\t\t<div class=\"elementor-column-wrap elementor-element-populated\">\n\t\t\t\t\t\t\t<div class=\"elementor-widget-wrap\">\n\t\t\t\t\t\t<div class=\"elementor-element elementor-element-7f3bd583 aux-appear-watch-animation aux-fade-in-up-1 elementor-widget elementor-widget-aux_modern_heading\" data-id=\"7f3bd583\" data-element_type=\"widget\" data-widget_type=\"aux_modern_heading.default\">\n\t\t\t\t<div class=\"elementor-widget-container\">\n\t\t\t<section class=\"aux-widget-modern-heading\">\n            <div class=\"aux-widget-inner\"><h2 class=\"aux-modern-heading-primary\"><\/h2><h3 class=\"aux-modern-heading-secondary\"><span class=\"aux-head-before\">INSTITUTIONS D\u2019APPUI<\/span><\/h3><\/div>\n        <\/section>\t\t<\/div>\n\t\t\t\t<\/div>\n\t\t\t\t\t\t<\/div>\n\t\t\t\t\t<\/div>\n\t\t<\/div>\n\t\t\t\t\t\t\t\t<\/div>\n\t\t\t\t\t<\/div>\n\t\t<\/section>\n\t\t\t\t<section class=\"elementor-section elementor-top-section elementor-element elementor-element-1421e470 elementor-section-boxed elementor-section-height-default elementor-section-height-default\" data-id=\"1421e470\" data-element_type=\"section\">\n\t\t\t\t\t\t<div class=\"elementor-container elementor-column-gap-default\">\n\t\t\t\t\t\t\t<div class=\"elementor-row\">\n\t\t\t\t\t<div class=\"aux-parallax-section elementor-column elementor-col-50 elementor-top-column elementor-element elementor-element-55ca9d75\" data-id=\"55ca9d75\" data-element_type=\"column\" data-settings=\"{&quot;background_background&quot;:&quot;classic&quot;}\">\n\t\t\t<div class=\"elementor-column-wrap elementor-element-populated\">\n\t\t\t\t\t\t\t<div class=\"elementor-widget-wrap\">\n\t\t\t\t\t\t<div class=\"elementor-element elementor-element-9b9ff99 elementor-widget elementor-widget-aux_image\" data-id=\"9b9ff99\" data-element_type=\"widget\" data-widget_type=\"aux_image.default\">\n\t\t\t\t<div class=\"elementor-widget-container\">\n\t\t\t<section class=\"widget-container aux-widget-image aux-alignnone aux-parent-au1019773c\" style=\"\" >\n    <div class=\"aux-media-hint-frame \">\n        <div class=\"aux-media-image \" >\n        \n            \n\n            \n            <img loading=\"lazy\" width=\"150\" height=\"150\" src=\"https:\/\/clustergabes.creativetunisia.tn\/wp-content\/uploads\/2021\/12\/onat-office-national-de-l-artisanat.jpg\" class=\"aux-attachment aux-featured-image aux-attachment-id-260\" alt=\"onat-office-national-de-l-artisanat.jpg\" srcset=\"https:\/\/clustergabes.creativetunisia.tn\/wp-content\/uploads\/2021\/12\/onat-office-national-de-l-artisanat-150x150.jpg 150w,https:\/\/clustergabes.creativetunisia.tn\/wp-content\/uploads\/2021\/12\/onat-office-national-de-l-artisanat.jpg 150w\" data-ratio=\"1\" data-original-w=\"200\" sizes=\"(max-width:479px) 480px,(max-width:767px) 768px,(max-width:1023px) 1024px,150px\" \/>            \n                <\/div>\n    <\/div>\n\n<\/section><!-- widget-container -->\t\t<\/div>\n\t\t\t\t<\/div>\n\t\t\t\t<div class=\"elementor-element elementor-element-6712ea9 elementor-widget elementor-widget-aux_modern_heading\" data-id=\"6712ea9\" data-element_type=\"widget\" data-widget_type=\"aux_modern_heading.default\">\n\t\t\t\t<div class=\"elementor-widget-container\">\n\t\t\t<section class=\"aux-widget-modern-heading\">\n            <div class=\"aux-widget-inner\"><h2 class=\"aux-modern-heading-primary\">Office National de l\u2019Artisanat<\/h2><div class=\"aux-modern-heading-divider\"><\/div><\/div>\n        <\/section>\t\t<\/div>\n\t\t\t\t<\/div>\n\t\t\t\t<div class=\"elementor-element elementor-element-66a4da37 elementor-widget elementor-widget-text-editor\" data-id=\"66a4da37\" data-element_type=\"widget\" data-widget_type=\"text-editor.default\">\n\t\t\t\t<div class=\"elementor-widget-container\">\n\t\t\t\t\t\t\t\t<div class=\"elementor-text-editor elementor-clearfix\">\n\t\t\t\t<p>L\u2019Office National de l\u2019artisanat (ONA) est le principal partenaire du projet Creative Tunisia. L\u2019ONA a pour principales missions de mettre en oeuvre la strat\u00e9gie de l\u2019Etat en mati\u00e8re de sauvegarde et de d\u00e9veloppement du secteur de l\u2019artisanat tunisien.<\/p><p>Partenaire majeur du Cluster Fibres v\u00e9g\u00e9tales \u00e0 Gab\u00e8s, l\u2019Office National de l\u2019Artisanat et particuli\u00e8rement la d\u00e9l\u00e9gation r\u00e9gionale de l\u2019artisanat bas\u00e9e \u00e0 gab\u00e8s, ont \u00e9t\u00e9 \u00e0 l\u2019origine du montage du dossier de candidature \u00e0 l\u2019ONUDI, pour une demande d\u2019assistance technique pour le d\u00e9veloppement du Cluster Fibres v\u00e9g\u00e9tales \u00e0 Gab\u00e8s. \u00c9tablissant un diagnostic complet du secteur du tissage de la fibre v\u00e9g\u00e9tale dans la r\u00e9gion ainsi qu\u2019une identification de tous les artisans op\u00e9rant dans le secteur, la d\u00e9l\u00e9gation r\u00e9gionale a mis en place, avec le projet Creative Tunisia, la strat\u00e9gie et le plan d\u2019action du Cluster et coordonn\u00e9 toutes les rencontres entre les divers intervenants, \u00e0 savoir les artisans, les structures d\u2019appui et les institutions publiques.<\/p>\t\t\t\t\t<\/div>\n\t\t\t\t\t\t<\/div>\n\t\t\t\t<\/div>\n\t\t\t\t<div class=\"elementor-element elementor-element-372c4c85 aux-appear-watch-animation aux-fade-in-up-1 elementor-widget elementor-widget-aux_button\" data-id=\"372c4c85\" data-element_type=\"widget\" data-widget_type=\"aux_button.default\">\n\t\t\t\t<div class=\"elementor-widget-container\">\n\t\t\t<a  href=\"http:\/\/www.artisanat.nat.tn\/fr\/home\/\" target=\"_self\"   class=\"aux-button aux-medium aux-pastel-orange aux-curve aux-none aux-uppercase\" ><span class=\"aux-overlay\"><\/span><span class=\"aux-text\">VISITER LE SITE WEB<\/span><\/a>\t\t<\/div>\n\t\t\t\t<\/div>\n\t\t\t\t\t\t<\/div>\n\t\t\t\t\t<\/div>\n\t\t<\/div>\n\t\t\t\t<div class=\"aux-parallax-section elementor-column elementor-col-50 elementor-top-column elementor-element elementor-element-1c0dfb23\" data-id=\"1c0dfb23\" data-element_type=\"column\" data-settings=\"{&quot;background_background&quot;:&quot;classic&quot;}\">\n\t\t\t<div class=\"elementor-column-wrap elementor-element-populated\">\n\t\t\t\t\t\t\t<div class=\"elementor-widget-wrap\">\n\t\t\t\t\t\t<div class=\"elementor-element elementor-element-585d7fa9 elementor-widget elementor-widget-aux_image\" data-id=\"585d7fa9\" data-element_type=\"widget\" data-widget_type=\"aux_image.default\">\n\t\t\t\t<div class=\"elementor-widget-container\">\n\t\t\t<section class=\"widget-container aux-widget-image aux-alignnone aux-parent-au77973f33\" style=\"\" >\n    <div class=\"aux-media-hint-frame \">\n        <div class=\"aux-media-image \" >\n        \n            \n\n            \n            <img loading=\"lazy\" width=\"150\" height=\"150\" src=\"https:\/\/clustergabes.creativetunisia.tn\/wp-content\/uploads\/2022\/01\/chambre-de-commerce-gabes-1.jpg\" class=\"aux-attachment aux-featured-image aux-attachment-id-426\" alt=\"chambre-de-commerce-gabes\" srcset=\"https:\/\/clustergabes.creativetunisia.tn\/wp-content\/uploads\/2022\/01\/chambre-de-commerce-gabes-1-150x150.jpg 150w,https:\/\/clustergabes.creativetunisia.tn\/wp-content\/uploads\/2022\/01\/chambre-de-commerce-gabes-1.jpg 150w\" data-ratio=\"1\" data-original-w=\"158\" sizes=\"(max-width:479px) 480px,(max-width:767px) 768px,(max-width:1023px) 1024px,150px\" \/>            \n                <\/div>\n    <\/div>\n\n<\/section><!-- widget-container -->\t\t<\/div>\n\t\t\t\t<\/div>\n\t\t\t\t<div class=\"elementor-element elementor-element-4ae536d9 elementor-widget elementor-widget-aux_modern_heading\" data-id=\"4ae536d9\" data-element_type=\"widget\" data-widget_type=\"aux_modern_heading.default\">\n\t\t\t\t<div class=\"elementor-widget-container\">\n\t\t\t<section class=\"aux-widget-modern-heading\">\n            <div class=\"aux-widget-inner\"><h2 class=\"aux-modern-heading-primary\">Chambre de Commerce et d\u2019Industrie du Sud-Est<\/h2><div class=\"aux-modern-heading-divider\"><\/div><\/div>\n        <\/section>\t\t<\/div>\n\t\t\t\t<\/div>\n\t\t\t\t<div class=\"elementor-element elementor-element-4298ae0b elementor-widget elementor-widget-text-editor\" data-id=\"4298ae0b\" data-element_type=\"widget\" data-widget_type=\"text-editor.default\">\n\t\t\t\t<div class=\"elementor-widget-container\">\n\t\t\t\t\t\t\t\t<div class=\"elementor-text-editor elementor-clearfix\">\n\t\t\t\t<p>La Chambre de Commerce et d\u2019Industrie du Sud-Est (CCISE) est une institution publique cr\u00e9e le 11 D\u00e9cembre 1994, sous la tutelle du Minist\u00e8re du Commerce et de Tourisme jouissant de l\u2019autorit\u00e9 civique et l\u2019autonomie financi\u00e8re. La CCISE est certifi\u00e9e ISO 9001 version 2008. Elle est au service de commer\u00e7ant, industriel, artisan et des petits m\u00e9tiers pr\u00e9existants dans sa circonscription. La CCISE est compos\u00e9e d\u2019un comit\u00e9 de 30 membres \u00e9ligibles par les patent\u00e9s tous les 5ans.<br \/>La Chambre de Commerce et d\u2019Industrie du Sud-Est contribue \u00e0 la promotion des secteurs de l\u2019industrie, du commerce, de l\u2019artisanat, de services et des petits m\u00e9tiers dans la circonscription du Sud-Est de la Tunisie, englobant les gouvernorats de Gab\u00e8s, M\u00e9denine, Tataouine et K\u00e9bili.<\/p>\t\t\t\t\t<\/div>\n\t\t\t\t\t\t<\/div>\n\t\t\t\t<\/div>\n\t\t\t\t<div class=\"elementor-element elementor-element-4ef1a82e aux-appear-watch-animation aux-fade-in-up-1 elementor-widget elementor-widget-aux_button\" data-id=\"4ef1a82e\" data-element_type=\"widget\" data-widget_type=\"aux_button.default\">\n\t\t\t\t<div class=\"elementor-widget-container\">\n\t\t\t<a  href=\"#\" target=\"_self\"   class=\"aux-button aux-medium aux-pastel-orange aux-curve aux-none aux-uppercase\" ><span class=\"aux-overlay\"><\/span><span class=\"aux-text\">VISITER LE SITE WEB<\/span><\/a>\t\t<\/div>\n\t\t\t\t<\/div>\n\t\t\t\t\t\t<\/div>\n\t\t\t\t\t<\/div>\n\t\t<\/div>\n\t\t\t\t\t\t\t\t<\/div>\n\t\t\t\t\t<\/div>\n\t\t<\/section>\n\t\t\t\t<section class=\"elementor-section elementor-top-section elementor-element elementor-element-da58da3 elementor-section-boxed elementor-section-height-default elementor-section-height-default\" data-id=\"da58da3\" data-element_type=\"section\">\n\t\t\t\t\t\t<div class=\"elementor-container elementor-column-gap-default\">\n\t\t\t\t\t\t\t<div class=\"elementor-row\">\n\t\t\t\t\t<div class=\"aux-parallax-section elementor-column elementor-col-50 elementor-top-column elementor-element elementor-element-963383d\" data-id=\"963383d\" data-element_type=\"column\" data-settings=\"{&quot;background_background&quot;:&quot;classic&quot;}\">\n\t\t\t<div class=\"elementor-column-wrap elementor-element-populated\">\n\t\t\t\t\t\t\t<div class=\"elementor-widget-wrap\">\n\t\t\t\t\t\t<div class=\"elementor-element elementor-element-d68c813 elementor-widget elementor-widget-aux_image\" data-id=\"d68c813\" data-element_type=\"widget\" data-widget_type=\"aux_image.default\">\n\t\t\t\t<div class=\"elementor-widget-container\">\n\t\t\t<section class=\"widget-container aux-widget-image aux-alignnone aux-parent-au94ade2a2\" style=\"\" >\n    <div class=\"aux-media-hint-frame \">\n        <div class=\"aux-media-image \" >\n        \n            \n\n            \n            <img loading=\"lazy\" width=\"150\" height=\"150\" src=\"https:\/\/clustergabes.creativetunisia.tn\/wp-content\/uploads\/2022\/01\/Ministere-de-la-formation-1.jpg\" class=\"aux-attachment aux-featured-image aux-attachment-id-427\" alt=\"Ministere-de-la-formation\" srcset=\"https:\/\/clustergabes.creativetunisia.tn\/wp-content\/uploads\/2022\/01\/Ministere-de-la-formation-1.jpg 150w,https:\/\/clustergabes.creativetunisia.tn\/wp-content\/uploads\/2022\/01\/Ministere-de-la-formation-1.jpg 150w\" data-ratio=\"1\" data-original-w=\"151\" sizes=\"(max-width:479px) 480px,(max-width:767px) 768px,(max-width:1023px) 1024px,150px\" \/>            \n                <\/div>\n    <\/div>\n\n<\/section><!-- widget-container -->\t\t<\/div>\n\t\t\t\t<\/div>\n\t\t\t\t<div class=\"elementor-element elementor-element-ec6c855 elementor-widget elementor-widget-aux_modern_heading\" data-id=\"ec6c855\" data-element_type=\"widget\" data-widget_type=\"aux_modern_heading.default\">\n\t\t\t\t<div class=\"elementor-widget-container\">\n\t\t\t<section class=\"aux-widget-modern-heading\">\n            <div class=\"aux-widget-inner\"><h2 class=\"aux-modern-heading-primary\">Direction r\u00e9gionale de la formation professionnelle et de l\u2019emploi<\/h2><div class=\"aux-modern-heading-divider\"><\/div><\/div>\n        <\/section>\t\t<\/div>\n\t\t\t\t<\/div>\n\t\t\t\t<div class=\"elementor-element elementor-element-9e92594 elementor-widget elementor-widget-text-editor\" data-id=\"9e92594\" data-element_type=\"widget\" data-widget_type=\"text-editor.default\">\n\t\t\t\t<div class=\"elementor-widget-container\">\n\t\t\t\t\t\t\t\t<div class=\"elementor-text-editor elementor-clearfix\">\n\t\t\t\t\t\t\t\t\t<\/div>\n\t\t\t\t\t\t<\/div>\n\t\t\t\t<\/div>\n\t\t\t\t<div class=\"elementor-element elementor-element-a9369bb aux-appear-watch-animation aux-fade-in-up-1 elementor-widget elementor-widget-aux_button\" data-id=\"a9369bb\" data-element_type=\"widget\" data-widget_type=\"aux_button.default\">\n\t\t\t\t<div class=\"elementor-widget-container\">\n\t\t\t<a  href=\"http:\/\/www.emploi.gov.tn\/fr\/93\/directions-regionales-de-formation-professionnelle-et-de-lemploi\" target=\"_self\"   class=\"aux-button aux-medium aux-pastel-orange aux-curve aux-none aux-uppercase\" ><span class=\"aux-overlay\"><\/span><span class=\"aux-text\">VISITER LE SITE WEB<\/span><\/a>\t\t<\/div>\n\t\t\t\t<\/div>\n\t\t\t\t\t\t<\/div>\n\t\t\t\t\t<\/div>\n\t\t<\/div>\n\t\t\t\t<div class=\"aux-parallax-section elementor-column elementor-col-50 elementor-top-column elementor-element elementor-element-ad13353\" data-id=\"ad13353\" data-element_type=\"column\" data-settings=\"{&quot;background_background&quot;:&quot;classic&quot;}\">\n\t\t\t<div class=\"elementor-column-wrap\">\n\t\t\t\t\t\t\t<div class=\"elementor-widget-wrap\">\n\t\t\t\t\t\t\t\t<\/div>\n\t\t\t\t\t<\/div>\n\t\t<\/div>\n\t\t\t\t\t\t\t\t<\/div>\n\t\t\t\t\t<\/div>\n\t\t<\/section>\n\t\t\t\t\t\t<\/div>\n\t\t\t\t\t\t<\/div>\n\t\t\t\t\t<\/div>\n\t\t","protected":false},"excerpt":{"rendered":"<p>INSTITUTIONS D\u2019APPUI Office National de l\u2019Artisanat L\u2019Office National de l\u2019artisanat (ONA) est le principal partenaire du projet Creative Tunisia. L\u2019ONA a pour principales missions de mettre en oeuvre la strat\u00e9gie de l\u2019Etat en mati\u00e8re de sauvegarde et de d\u00e9veloppement du secteur de l\u2019artisanat tunisien. Partenaire majeur du Cluster Fibres v\u00e9g\u00e9tales \u00e0 Gab\u00e8s, l\u2019Office National de [&hellip;]<\/p>\n","protected":false},"author":1,"featured_media":0,"parent":0,"menu_order":0,"comment_status":"closed","ping_status":"closed","template":"","meta":[],"_links":{"self":[{"href":"https:\/\/clustergabes.creativetunisia.tn\/index.php\/wp-json\/wp\/v2\/pages\/360"}],"collection":[{"href":"https:\/\/clustergabes.creativetunisia.tn\/index.php\/wp-json\/wp\/v2\/pages"}],"about":[{"href":"https:\/\/clustergabes.creativetunisia.tn\/index.php\/wp-json\/wp\/v2\/types\/page"}],"author":[{"embeddable":true,"href":"https:\/\/clustergabes.creativetunisia.tn\/index.php\/wp-json\/wp\/v2\/users\/1"}],"replies":[{"embeddable":true,"href":"https:\/\/clustergabes.creativetunisia.tn\/index.php\/wp-json\/wp\/v2\/comments?post=360"}],"version-history":[{"count":16,"href":"https:\/\/clustergabes.creativetunisia.tn\/index.php\/wp-json\/wp\/v2\/pages\/360\/revisions"}],"predecessor-version":[{"id":946,"href":"https:\/\/clustergabes.creativetunisia.tn\/index.php\/wp-json\/wp\/v2\/pages\/360\/revisions\/946"}],"wp:attachment":[{"href":"https:\/\/clustergabes.creativetunisia.tn\/index.php\/wp-json\/wp\/v2\/media?parent=360"}],"curies":[{"name":"wp","href":"https:\/\/api.w.org\/{rel}","templated":true}]}}